{"id":3861,"date":"2019-07-16T08:18:22","date_gmt":"2019-07-16T08:18:22","guid":{"rendered":"http:\/\/rafaelbaro.com\/marches\/"},"modified":"2022-09-28T08:15:43","modified_gmt":"2022-09-28T08:15:43","slug":"marches","status":"publish","type":"page","link":"https:\/\/rafaelbaro.com\/fr\/marches\/","title":{"rendered":"MARCH\u00c9S"},"content":{"rendered":"\t\t<div data-elementor-type=\"wp-post\" data-elementor-id=\"3861\" class=\"elementor elementor-3861 elementor-7\" data-elementor-settings=\"{&quot;ha_cmc_init_switcher&quot;:&quot;no&quot;}\" data-elementor-post-type=\"page\">\n\t\t\t\t\t\t<section class=\"elementor-section elementor-top-section elementor-element elementor-element-0ca88d2 elementor-section-height-min-height elementor-section-boxed elementor-section-height-default elementor-section-items-middle\" data-id=\"0ca88d2\" data-element_type=\"section\" data-settings=\"{&quot;background_background&quot;:&quot;classic&quot;,&quot;_ha_eqh_enable&quot;:false}\">\n\t\t\t\t\t\t\t<div class=\"elementor-background-overlay\"><\/div>\n\t\t\t\t\t\t\t<div class=\"elementor-container elementor-column-gap-default\">\n\t\t\t\t\t<div class=\"elementor-column elementor-col-100 elementor-top-column elementor-element elementor-element-b243f29\" data-id=\"b243f29\" data-element_type=\"column\">\n\t\t\t<div class=\"elementor-widget-wrap elementor-element-populated\">\n\t\t\t\t\t\t<section class=\"elementor-section elementor-inner-section elementor-element elementor-element-6b299da elementor-section-boxed elementor-section-height-default elementor-section-height-default\" data-id=\"6b299da\" data-element_type=\"section\" data-settings=\"{&quot;_ha_eqh_enable&quot;:false}\">\n\t\t\t\t\t\t<div class=\"elementor-container elementor-column-gap-default\">\n\t\t\t\t\t<div class=\"elementor-column elementor-col-100 elementor-inner-column elementor-element elementor-element-8e2510a\" data-id=\"8e2510a\" data-element_type=\"column\">\n\t\t\t<div class=\"elementor-widget-wrap elementor-element-populated\">\n\t\t\t\t\t\t<div class=\"elementor-element elementor-element-ce343eb elementor-widget elementor-widget-heading\" data-id=\"ce343eb\" data-element_type=\"widget\" data-widget_type=\"heading.default\">\n\t\t\t\t<div class=\"elementor-widget-container\">\n\t\t\t\t\t<h1 class=\"elementor-heading-title elementor-size-default\">March\u00e9s<\/h1>\t\t\t\t<\/div>\n\t\t\t\t<\/div>\n\t\t\t\t\t<\/div>\n\t\t<\/div>\n\t\t\t\t\t<\/div>\n\t\t<\/section>\n\t\t\t\t<div class=\"elementor-element elementor-element-9d24e0a elementor-widget elementor-widget-heading\" data-id=\"9d24e0a\" data-element_type=\"widget\" data-widget_type=\"heading.default\">\n\t\t\t\t<div class=\"elementor-widget-container\">\n\t\t\t\t\t<h2 class=\"elementor-heading-title elementor-size-xxl\">Am\u00e9liorer chaque jour au service de nos clients<\/h2>\t\t\t\t<\/div>\n\t\t\t\t<\/div>\n\t\t\t\t<div class=\"elementor-element elementor-element-7f21277 elementor-view-default elementor-position-block-start elementor-mobile-position-block-start elementor-widget elementor-widget-icon-box\" data-id=\"7f21277\" data-element_type=\"widget\" data-widget_type=\"icon-box.default\">\n\t\t\t\t<div class=\"elementor-widget-container\">\n\t\t\t\t\t\t\t<div class=\"elementor-icon-box-wrapper\">\n\n\t\t\t\t\t\t<div class=\"elementor-icon-box-icon\">\n\t\t\t\t<span  class=\"elementor-icon\">\n\t\t\t\t<i aria-hidden=\"true\" class=\"far fa-window-minimize\"><\/i>\t\t\t\t<\/span>\n\t\t\t<\/div>\n\t\t\t\n\t\t\t\n\t\t<\/div>\n\t\t\t\t\t\t<\/div>\n\t\t\t\t<\/div>\n\t\t\t\t\t<\/div>\n\t\t<\/div>\n\t\t\t\t\t<\/div>\n\t\t<\/section>\n\t\t\t\t<section class=\"elementor-section elementor-top-section elementor-element elementor-element-7c5f71f elementor-section-boxed elementor-section-height-default elementor-section-height-default\" data-id=\"7c5f71f\" data-element_type=\"section\" data-settings=\"{&quot;background_background&quot;:&quot;classic&quot;,&quot;_ha_eqh_enable&quot;:false}\">\n\t\t\t\t\t\t<div class=\"elementor-container elementor-column-gap-default\">\n\t\t\t\t\t<div class=\"elementor-column elementor-col-100 elementor-top-column elementor-element elementor-element-dde5cee\" data-id=\"dde5cee\" data-element_type=\"column\">\n\t\t\t<div class=\"elementor-widget-wrap elementor-element-populated\">\n\t\t\t\t\t\t<section class=\"elementor-section elementor-inner-section elementor-element elementor-element-efdb8dd elementor-reverse-mobile elementor-section-boxed elementor-section-height-default elementor-section-height-default\" data-id=\"efdb8dd\" data-element_type=\"section\" data-settings=\"{&quot;_ha_eqh_enable&quot;:false}\">\n\t\t\t\t\t\t<div class=\"elementor-container elementor-column-gap-default\">\n\t\t\t\t\t<div class=\"elementor-column elementor-col-50 elementor-inner-column elementor-element elementor-element-06c2a54\" data-id=\"06c2a54\" data-element_type=\"column\">\n\t\t\t<div class=\"elementor-widget-wrap elementor-element-populated\">\n\t\t\t\t\t\t<div class=\"elementor-element elementor-element-8e15bcc elementor-position-inline-start elementor-view-default elementor-mobile-position-block-start elementor-widget elementor-widget-icon-box\" data-id=\"8e15bcc\" data-element_type=\"widget\" data-widget_type=\"icon-box.default\">\n\t\t\t\t<div class=\"elementor-widget-container\">\n\t\t\t\t\t\t\t<div class=\"elementor-icon-box-wrapper\">\n\n\t\t\t\t\t\t<div class=\"elementor-icon-box-icon\">\n\t\t\t\t<span  class=\"elementor-icon\">\n\t\t\t\t<i aria-hidden=\"true\" class=\"far fa-window-minimize\"><\/i>\t\t\t\t<\/span>\n\t\t\t<\/div>\n\t\t\t\n\t\t\t\n\t\t<\/div>\n\t\t\t\t\t\t<\/div>\n\t\t\t\t<\/div>\n\t\t\t\t<div class=\"elementor-element elementor-element-93b5203 elementor-widget elementor-widget-heading\" data-id=\"93b5203\" data-element_type=\"widget\" data-widget_type=\"heading.default\">\n\t\t\t\t<div class=\"elementor-widget-container\">\n\t\t\t\t\t<h2 class=\"elementor-heading-title elementor-size-default\">Worldwide Food Parter<\/h2>\t\t\t\t<\/div>\n\t\t\t\t<\/div>\n\t\t\t\t<div class=\"elementor-element elementor-element-04f1e83 elementor-widget elementor-widget-heading\" data-id=\"04f1e83\" data-element_type=\"widget\" data-widget_type=\"heading.default\">\n\t\t\t\t<div class=\"elementor-widget-container\">\n\t\t\t\t\t<h2 class=\"elementor-heading-title elementor-size-default\">60 homologations internationales<\/h2>\t\t\t\t<\/div>\n\t\t\t\t<\/div>\n\t\t\t\t<div class=\"elementor-element elementor-element-c7ae10a elementor-widget elementor-widget-text-editor\" data-id=\"c7ae10a\" data-element_type=\"widget\" data-widget_type=\"text-editor.default\">\n\t\t\t\t<div class=\"elementor-widget-container\">\n\t\t\t\t\t\t\t\t\t<p>Pr\u00e9sente dans plus de 60 pays du monde entier, la maison Rafael Bar\u00f3 a pour vocation d\u2019adapter sa charcuterie aux besoins des march\u00e9s internationaux, innovant chaque jour pour am\u00e9liorer sa capacit\u00e9 en tant qu\u2019exportateur de charcuterie.<\/p>\t\t\t\t\t\t\t\t<\/div>\n\t\t\t\t<\/div>\n\t\t\t\t<div class=\"elementor-element elementor-element-fb07225 elementor-widget elementor-widget-heading\" data-id=\"fb07225\" data-element_type=\"widget\" data-widget_type=\"heading.default\">\n\t\t\t\t<div class=\"elementor-widget-container\">\n\t\t\t\t\t<h2 class=\"elementor-heading-title elementor-size-default\">Nous continuons \u00e0 travailler ensemble!<\/h2>\t\t\t\t<\/div>\n\t\t\t\t<\/div>\n\t\t\t\t\t<\/div>\n\t\t<\/div>\n\t\t\t\t<div class=\"elementor-column elementor-col-50 elementor-inner-column elementor-element elementor-element-04d3c00\" data-id=\"04d3c00\" data-element_type=\"column\">\n\t\t\t<div class=\"elementor-widget-wrap elementor-element-populated\">\n\t\t\t\t\t\t<div class=\"elementor-element elementor-element-77bc272 elementor-widget elementor-widget-image\" data-id=\"77bc272\" data-element_type=\"widget\" data-widget_type=\"image.default\">\n\t\t\t\t<div class=\"elementor-widget-container\">\n\t\t\t\t\t\t\t\t\t\t\t\t\t\t\t<img fetchpriority=\"high\" decoding=\"async\" width=\"1920\" height=\"1080\" src=\"https:\/\/rafaelbaro.com\/wp-content\/uploads\/2021\/05\/RafaelBaro_Mercados_Mesa-de-trabajo-1.png\" class=\"attachment-2048x2048 size-2048x2048 wp-image-3003\" alt=\"\" srcset=\"https:\/\/rafaelbaro.com\/wp-content\/uploads\/2021\/05\/RafaelBaro_Mercados_Mesa-de-trabajo-1.png 1920w, https:\/\/rafaelbaro.com\/wp-content\/uploads\/2021\/05\/RafaelBaro_Mercados_Mesa-de-trabajo-1-300x169.png 300w, https:\/\/rafaelbaro.com\/wp-content\/uploads\/2021\/05\/RafaelBaro_Mercados_Mesa-de-trabajo-1-1024x576.png 1024w, https:\/\/rafaelbaro.com\/wp-content\/uploads\/2021\/05\/RafaelBaro_Mercados_Mesa-de-trabajo-1-768x432.png 768w, https:\/\/rafaelbaro.com\/wp-content\/uploads\/2021\/05\/RafaelBaro_Mercados_Mesa-de-trabajo-1-1536x864.png 1536w\" sizes=\"(max-width: 1920px) 100vw, 1920px\" \/>\t\t\t\t\t\t\t\t\t\t\t\t\t\t\t<\/div>\n\t\t\t\t<\/div>\n\t\t\t\t\t<\/div>\n\t\t<\/div>\n\t\t\t\t\t<\/div>\n\t\t<\/section>\n\t\t\t\t\t<\/div>\n\t\t<\/div>\n\t\t\t\t\t<\/div>\n\t\t<\/section>\n\t\t\t\t<\/div>\n\t\t","protected":false},"excerpt":{"rendered":"<p>March\u00e9s Am\u00e9liorer chaque jour au service de nos clients Worldwide Food Parter 60 homologations internationales Pr\u00e9sente dans plus de 60 pays du monde entier, la maison Rafael Bar\u00f3 a pour vocation d\u2019adapter sa charcuterie aux besoins des march\u00e9s internationaux, innovant chaque jour pour am\u00e9liorer sa capacit\u00e9 en tant qu\u2019exportateur de charcuterie. Nous continuons \u00e0 travailler&hellip;&nbsp;<a href=\"https:\/\/rafaelbaro.com\/fr\/marches\/\" rel=\"bookmark\">Lire la suite &raquo;<span class=\"screen-reader-text\">MARCH\u00c9S<\/span><\/a><\/p>\n","protected":false},"author":6,"featured_media":0,"parent":0,"menu_order":0,"comment_status":"closed","ping_status":"closed","template":"elementor_header_footer","meta":{"neve_meta_sidebar":"","neve_meta_container":"","neve_meta_enable_content_width":"","neve_meta_content_width":70,"neve_meta_title_alignment":"","neve_meta_author_avatar":"","neve_post_elements_order":"","neve_meta_disable_header":"","neve_meta_disable_footer":"","neve_meta_disable_title":"","footnotes":""},"class_list":["post-3861","page","type-page","status-publish","hentry"],"yoast_head":"<!-- This site is optimized with the Yoast SEO plugin v26.8 - https:\/\/yoast.com\/product\/yoast-seo-wordpress\/ -->\n<title>MARCH\u00c9S - Rafael Bar\u00f3<\/title>\n<meta name=\"robots\" content=\"index, follow, max-snippet:-1, max-image-preview:large, max-video-preview:-1\" \/>\n<link rel=\"canonical\" href=\"https:\/\/rafaelbaro.com\/fr\/marches\/\" \/>\n<meta property=\"og:locale\" content=\"fr_FR\" \/>\n<meta property=\"og:type\" content=\"article\" \/>\n<meta property=\"og:title\" content=\"MARCH\u00c9S - Rafael Bar\u00f3\" \/>\n<meta property=\"og:description\" content=\"March\u00e9s Am\u00e9liorer chaque jour au service de nos clients Worldwide Food Parter 60 homologations internationales Pr\u00e9sente dans plus de 60 pays du monde entier, la maison Rafael Bar\u00f3 a pour vocation d\u2019adapter sa charcuterie aux besoins des march\u00e9s internationaux, innovant chaque jour pour am\u00e9liorer sa capacit\u00e9 en tant qu\u2019exportateur de charcuterie. Nous continuons \u00e0 travailler&hellip;&nbsp;Lire la suite &raquo;MARCH\u00c9S\" \/>\n<meta property=\"og:url\" content=\"https:\/\/rafaelbaro.com\/fr\/marches\/\" \/>\n<meta property=\"og:site_name\" content=\"Rafael Bar\u00f3\" \/>\n<meta property=\"article:publisher\" content=\"https:\/\/www.facebook.com\/rafaelbaroembotits\/\" \/>\n<meta property=\"article:modified_time\" content=\"2022-09-28T08:15:43+00:00\" \/>\n<meta property=\"og:image\" content=\"https:\/\/rafaelbaro.com\/wp-content\/uploads\/2021\/05\/RafaelBaro_Mercados_Mesa-de-trabajo-1.png\" \/>\n<meta name=\"twitter:card\" content=\"summary_large_image\" \/>\n<script type=\"application\/ld+json\" class=\"yoast-schema-graph\">{\"@context\":\"https:\/\/schema.org\",\"@graph\":[{\"@type\":\"WebPage\",\"@id\":\"https:\/\/rafaelbaro.com\/fr\/marches\/\",\"url\":\"https:\/\/rafaelbaro.com\/fr\/marches\/\",\"name\":\"MARCH\u00c9S - Rafael Bar\u00f3\",\"isPartOf\":{\"@id\":\"https:\/\/rafaelbaro.com\/fr\/#website\"},\"primaryImageOfPage\":{\"@id\":\"https:\/\/rafaelbaro.com\/fr\/marches\/#primaryimage\"},\"image\":{\"@id\":\"https:\/\/rafaelbaro.com\/fr\/marches\/#primaryimage\"},\"thumbnailUrl\":\"https:\/\/rafaelbaro.com\/wp-content\/uploads\/2021\/05\/RafaelBaro_Mercados_Mesa-de-trabajo-1.png\",\"datePublished\":\"2019-07-16T08:18:22+00:00\",\"dateModified\":\"2022-09-28T08:15:43+00:00\",\"breadcrumb\":{\"@id\":\"https:\/\/rafaelbaro.com\/fr\/marches\/#breadcrumb\"},\"inLanguage\":\"fr-FR\",\"potentialAction\":[{\"@type\":\"ReadAction\",\"target\":[\"https:\/\/rafaelbaro.com\/fr\/marches\/\"]}]},{\"@type\":\"ImageObject\",\"inLanguage\":\"fr-FR\",\"@id\":\"https:\/\/rafaelbaro.com\/fr\/marches\/#primaryimage\",\"url\":\"https:\/\/rafaelbaro.com\/wp-content\/uploads\/2021\/05\/RafaelBaro_Mercados_Mesa-de-trabajo-1.png\",\"contentUrl\":\"https:\/\/rafaelbaro.com\/wp-content\/uploads\/2021\/05\/RafaelBaro_Mercados_Mesa-de-trabajo-1.png\"},{\"@type\":\"BreadcrumbList\",\"@id\":\"https:\/\/rafaelbaro.com\/fr\/marches\/#breadcrumb\",\"itemListElement\":[{\"@type\":\"ListItem\",\"position\":1,\"name\":\"Portada\",\"item\":\"https:\/\/rafaelbaro.com\/fr\/\"},{\"@type\":\"ListItem\",\"position\":2,\"name\":\"MARCH\u00c9S\"}]},{\"@type\":\"WebSite\",\"@id\":\"https:\/\/rafaelbaro.com\/fr\/#website\",\"url\":\"https:\/\/rafaelbaro.com\/fr\/\",\"name\":\"www.rafaelbaro.com\",\"description\":\"\",\"publisher\":{\"@id\":\"https:\/\/rafaelbaro.com\/fr\/#organization\"},\"potentialAction\":[{\"@type\":\"SearchAction\",\"target\":{\"@type\":\"EntryPoint\",\"urlTemplate\":\"https:\/\/rafaelbaro.com\/fr\/?s={search_term_string}\"},\"query-input\":{\"@type\":\"PropertyValueSpecification\",\"valueRequired\":true,\"valueName\":\"search_term_string\"}}],\"inLanguage\":\"fr-FR\"},{\"@type\":\"Organization\",\"@id\":\"https:\/\/rafaelbaro.com\/fr\/#organization\",\"name\":\"www.rafaelbaro.com\",\"url\":\"https:\/\/rafaelbaro.com\/fr\/\",\"logo\":{\"@type\":\"ImageObject\",\"inLanguage\":\"fr-FR\",\"@id\":\"https:\/\/rafaelbaro.com\/fr\/#\/schema\/logo\/image\/\",\"url\":\"https:\/\/rafaelbaro.com\/wp-content\/uploads\/2022\/09\/rafael_baro_logo.png\",\"contentUrl\":\"https:\/\/rafaelbaro.com\/wp-content\/uploads\/2022\/09\/rafael_baro_logo.png\",\"width\":725,\"height\":512,\"caption\":\"www.rafaelbaro.com\"},\"image\":{\"@id\":\"https:\/\/rafaelbaro.com\/fr\/#\/schema\/logo\/image\/\"},\"sameAs\":[\"https:\/\/www.facebook.com\/rafaelbaroembotits\/\",\"https:\/\/www.linkedin.com\/company\/rafaelbaroembotits\/\"]}]}<\/script>\n<!-- \/ Yoast SEO plugin. -->","yoast_head_json":{"title":"MARCH\u00c9S - Rafael Bar\u00f3","robots":{"index":"index","follow":"follow","max-snippet":"max-snippet:-1","max-image-preview":"max-image-preview:large","max-video-preview":"max-video-preview:-1"},"canonical":"https:\/\/rafaelbaro.com\/fr\/marches\/","og_locale":"fr_FR","og_type":"article","og_title":"MARCH\u00c9S - Rafael Bar\u00f3","og_description":"March\u00e9s Am\u00e9liorer chaque jour au service de nos clients Worldwide Food Parter 60 homologations internationales Pr\u00e9sente dans plus de 60 pays du monde entier, la maison Rafael Bar\u00f3 a pour vocation d\u2019adapter sa charcuterie aux besoins des march\u00e9s internationaux, innovant chaque jour pour am\u00e9liorer sa capacit\u00e9 en tant qu\u2019exportateur de charcuterie. Nous continuons \u00e0 travailler&hellip;&nbsp;Lire la suite &raquo;MARCH\u00c9S","og_url":"https:\/\/rafaelbaro.com\/fr\/marches\/","og_site_name":"Rafael Bar\u00f3","article_publisher":"https:\/\/www.facebook.com\/rafaelbaroembotits\/","article_modified_time":"2022-09-28T08:15:43+00:00","og_image":[{"url":"https:\/\/rafaelbaro.com\/wp-content\/uploads\/2021\/05\/RafaelBaro_Mercados_Mesa-de-trabajo-1.png","type":"","width":"","height":""}],"twitter_card":"summary_large_image","schema":{"@context":"https:\/\/schema.org","@graph":[{"@type":"WebPage","@id":"https:\/\/rafaelbaro.com\/fr\/marches\/","url":"https:\/\/rafaelbaro.com\/fr\/marches\/","name":"MARCH\u00c9S - Rafael Bar\u00f3","isPartOf":{"@id":"https:\/\/rafaelbaro.com\/fr\/#website"},"primaryImageOfPage":{"@id":"https:\/\/rafaelbaro.com\/fr\/marches\/#primaryimage"},"image":{"@id":"https:\/\/rafaelbaro.com\/fr\/marches\/#primaryimage"},"thumbnailUrl":"https:\/\/rafaelbaro.com\/wp-content\/uploads\/2021\/05\/RafaelBaro_Mercados_Mesa-de-trabajo-1.png","datePublished":"2019-07-16T08:18:22+00:00","dateModified":"2022-09-28T08:15:43+00:00","breadcrumb":{"@id":"https:\/\/rafaelbaro.com\/fr\/marches\/#breadcrumb"},"inLanguage":"fr-FR","potentialAction":[{"@type":"ReadAction","target":["https:\/\/rafaelbaro.com\/fr\/marches\/"]}]},{"@type":"ImageObject","inLanguage":"fr-FR","@id":"https:\/\/rafaelbaro.com\/fr\/marches\/#primaryimage","url":"https:\/\/rafaelbaro.com\/wp-content\/uploads\/2021\/05\/RafaelBaro_Mercados_Mesa-de-trabajo-1.png","contentUrl":"https:\/\/rafaelbaro.com\/wp-content\/uploads\/2021\/05\/RafaelBaro_Mercados_Mesa-de-trabajo-1.png"},{"@type":"BreadcrumbList","@id":"https:\/\/rafaelbaro.com\/fr\/marches\/#breadcrumb","itemListElement":[{"@type":"ListItem","position":1,"name":"Portada","item":"https:\/\/rafaelbaro.com\/fr\/"},{"@type":"ListItem","position":2,"name":"MARCH\u00c9S"}]},{"@type":"WebSite","@id":"https:\/\/rafaelbaro.com\/fr\/#website","url":"https:\/\/rafaelbaro.com\/fr\/","name":"www.rafaelbaro.com","description":"","publisher":{"@id":"https:\/\/rafaelbaro.com\/fr\/#organization"},"potentialAction":[{"@type":"SearchAction","target":{"@type":"EntryPoint","urlTemplate":"https:\/\/rafaelbaro.com\/fr\/?s={search_term_string}"},"query-input":{"@type":"PropertyValueSpecification","valueRequired":true,"valueName":"search_term_string"}}],"inLanguage":"fr-FR"},{"@type":"Organization","@id":"https:\/\/rafaelbaro.com\/fr\/#organization","name":"www.rafaelbaro.com","url":"https:\/\/rafaelbaro.com\/fr\/","logo":{"@type":"ImageObject","inLanguage":"fr-FR","@id":"https:\/\/rafaelbaro.com\/fr\/#\/schema\/logo\/image\/","url":"https:\/\/rafaelbaro.com\/wp-content\/uploads\/2022\/09\/rafael_baro_logo.png","contentUrl":"https:\/\/rafaelbaro.com\/wp-content\/uploads\/2022\/09\/rafael_baro_logo.png","width":725,"height":512,"caption":"www.rafaelbaro.com"},"image":{"@id":"https:\/\/rafaelbaro.com\/fr\/#\/schema\/logo\/image\/"},"sameAs":["https:\/\/www.facebook.com\/rafaelbaroembotits\/","https:\/\/www.linkedin.com\/company\/rafaelbaroembotits\/"]}]}},"_links":{"self":[{"href":"https:\/\/rafaelbaro.com\/fr\/wp-json\/wp\/v2\/pages\/3861","targetHints":{"allow":["GET"]}}],"collection":[{"href":"https:\/\/rafaelbaro.com\/fr\/wp-json\/wp\/v2\/pages"}],"about":[{"href":"https:\/\/rafaelbaro.com\/fr\/wp-json\/wp\/v2\/types\/page"}],"author":[{"embeddable":true,"href":"https:\/\/rafaelbaro.com\/fr\/wp-json\/wp\/v2\/users\/6"}],"replies":[{"embeddable":true,"href":"https:\/\/rafaelbaro.com\/fr\/wp-json\/wp\/v2\/comments?post=3861"}],"version-history":[{"count":7,"href":"https:\/\/rafaelbaro.com\/fr\/wp-json\/wp\/v2\/pages\/3861\/revisions"}],"predecessor-version":[{"id":5023,"href":"https:\/\/rafaelbaro.com\/fr\/wp-json\/wp\/v2\/pages\/3861\/revisions\/5023"}],"wp:attachment":[{"href":"https:\/\/rafaelbaro.com\/fr\/wp-json\/wp\/v2\/media?parent=3861"}],"curies":[{"name":"wp","href":"https:\/\/api.w.org\/{rel}","templated":true}]}}